{"id":647,"date":"2021-08-25T12:24:15","date_gmt":"2021-08-25T12:24:15","guid":{"rendered":"https:\/\/brecskaevent.com\/contact\/"},"modified":"2024-02-13T20:44:25","modified_gmt":"2024-02-13T19:44:25","slug":"contact","status":"publish","type":"page","link":"https:\/\/brecskaevent.com\/en\/contact\/","title":{"rendered":"Contact"},"content":{"rendered":"<div data-elementor-type=\"wp-page\" data-elementor-id=\"647\" class=\"elementor elementor-647\">\n\t\t\t\t\t\t<section class=\"elementor-section elementor-top-section elementor-element elementor-element-966292e elementor-section-boxed elementor-section-height-default elementor-section-height-default\" data-id=\"966292e\" data-element_type=\"section\">\n\t\t\t\t\t\t<div class=\"elementor-container elementor-column-gap-default\">\n\t\t\t\t\t<div class=\"elementor-column elementor-col-100 elementor-top-column elementor-element elementor-element-5d9e3ae\" data-id=\"5d9e3ae\" data-element_type=\"column\">\n\t\t\t<div class=\"elementor-widget-wrap elementor-element-populated\">\n\t\t\t\t\t\t<div class=\"elementor-element elementor-element-a5d5bdb elementor-widget elementor-widget-heading\" data-id=\"a5d5bdb\" data-element_type=\"widget\" data-widget_type=\"heading.default\">\n\t\t\t\t<div class=\"elementor-widget-container\">\n\t\t\t\t\t<h2 class=\"elementor-heading-title elementor-size-default\">Contact<\/h2>\t\t\t\t<\/div>\n\t\t\t\t<\/div>\n\t\t\t\t\t<\/div>\n\t\t<\/div>\n\t\t\t\t\t<\/div>\n\t\t<\/section>\n\t\t\t\t<section class=\"elementor-section elementor-top-section elementor-element elementor-element-0ca032c elementor-section-boxed elementor-section-height-default elementor-section-height-default\" data-id=\"0ca032c\" data-element_type=\"section\">\n\t\t\t\t\t\t<div class=\"elementor-container elementor-column-gap-default\">\n\t\t\t\t\t<div class=\"elementor-column elementor-col-100 elementor-top-column elementor-element elementor-element-583c01b\" data-id=\"583c01b\" data-element_type=\"column\">\n\t\t\t<div class=\"elementor-widget-wrap elementor-element-populated\">\n\t\t\t\t\t\t<div class=\"elementor-element elementor-element-76d5972 elementor-widget-divider--view-line elementor-widget elementor-widget-divider\" data-id=\"76d5972\" data-element_type=\"widget\" data-widget_type=\"divider.default\">\n\t\t\t\t<div class=\"elementor-widget-container\">\n\t\t\t\t\t\t\t<div class=\"elementor-divider\">\n\t\t\t<span class=\"elementor-divider-separator\">\n\t\t\t\t\t\t<\/span>\n\t\t<\/div>\n\t\t\t\t\t\t<\/div>\n\t\t\t\t<\/div>\n\t\t\t\t\t<\/div>\n\t\t<\/div>\n\t\t\t\t\t<\/div>\n\t\t<\/section>\n\t\t\t\t<section class=\"elementor-section elementor-top-section elementor-element elementor-element-fa05372 elementor-section-boxed elementor-section-height-default elementor-section-height-default\" data-id=\"fa05372\" data-element_type=\"section\" data-settings=\"{&quot;background_background&quot;:&quot;classic&quot;}\">\n\t\t\t\t\t\t\t<div class=\"elementor-background-overlay\"><\/div>\n\t\t\t\t\t\t\t<div class=\"elementor-container elementor-column-gap-no\">\n\t\t\t\t\t<div class=\"elementor-column elementor-col-50 elementor-top-column elementor-element elementor-element-a6e570a\" data-id=\"a6e570a\" data-element_type=\"column\" data-settings=\"{&quot;background_background&quot;:&quot;classic&quot;}\">\n\t\t\t<div class=\"elementor-widget-wrap elementor-element-populated\">\n\t\t\t\t\t\t<div class=\"elementor-element elementor-element-4f80ade elementor-widget elementor-widget-heading\" data-id=\"4f80ade\" data-element_type=\"widget\" data-widget_type=\"heading.default\">\n\t\t\t\t<div class=\"elementor-widget-container\">\n\t\t\t\t\t<h3 class=\"elementor-heading-title elementor-size-default\">Do you have any questions? Send us a message!<\/h3>\t\t\t\t<\/div>\n\t\t\t\t<\/div>\n\t\t\t\t<div class=\"elementor-element elementor-element-813bb9e elementor-widget elementor-widget-wpforms\" data-id=\"813bb9e\" data-element_type=\"widget\" data-widget_type=\"wpforms.default\">\n\t\t\t\t<div class=\"elementor-widget-container\">\n\t\t\t\t\t<div class=\"wpforms-container\" id=\"wpforms-1542\"><form id=\"wpforms-form-1542\" class=\"wpforms-validate wpforms-form wpforms-ajax-form\" data-formid=\"1542\" method=\"post\" enctype=\"multipart\/form-data\" action=\"\/en\/wp-json\/wp\/v2\/pages\/647\" data-token=\"6920e82642bbb3bff265991c02bb4c55\" data-token-time=\"1776606122\" data-trp-original-action=\"\/en\/wp-json\/wp\/v2\/pages\/647\"><noscript class=\"wpforms-error-noscript\">Please enable JavaScript in your browser to complete this form.<\/noscript><div class=\"wpforms-field-container\"><div id=\"wpforms-1542-field_0-container\" class=\"wpforms-field wpforms-field-name\" data-field-id=\"0\"><label class=\"wpforms-field-label\" for=\"wpforms-1542-field_0\">Name <span class=\"wpforms-required-label\">*<\/span><\/label><input type=\"text\" id=\"wpforms-1542-field_0\" class=\"wpforms-field-large wpforms-field-required\" name=\"wpforms[fields][0]\" required><\/div><div id=\"wpforms-1542-field_1-container\" class=\"wpforms-field wpforms-field-email\" data-field-id=\"1\"><label class=\"wpforms-field-label\" for=\"wpforms-1542-field_1\">Email <span class=\"wpforms-required-label\">*<\/span><\/label><input type=\"email\" id=\"wpforms-1542-field_1\" class=\"wpforms-field-large wpforms-field-required\" name=\"wpforms[fields][1]\" spellcheck=\"false\" required><\/div><div id=\"wpforms-1542-field_4-container\" class=\"wpforms-field wpforms-field-select wpforms-field-select-style-classic\" data-field-id=\"4\"><label class=\"wpforms-field-label\" for=\"wpforms-1542-field_4\">Service <span class=\"wpforms-required-label\">*<\/span><\/label><select id=\"wpforms-1542-field_4\" class=\"wpforms-field-large wpforms-field-required\" name=\"wpforms[fields][4]\" required=\"required\"><option value=\"Esk\u00fcv\u0151\"  selected='selected'>Wedding<\/option><option value=\"Priv\u00e1t rendezv\u00e9ny\" >Private event<\/option><option value=\"B\u00e1l, c\u00e9ges rendezv\u00e9ny\" >Ball, corporate event<\/option><option value=\"Hangos\u00edt\u00e1s\" >Sound System<\/option><\/select><\/div><div id=\"wpforms-1542-field_11-container\" class=\"wpforms-field wpforms-field-text\" data-field-id=\"11\"><label class=\"wpforms-field-label\" for=\"wpforms-1542-field_11\">Date<\/label><input type=\"text\" id=\"wpforms-1542-field_11\" class=\"wpforms-field-large\" name=\"wpforms[fields][11]\" ><\/div><div id=\"wpforms-1542-field_10-container\" class=\"wpforms-field wpforms-field-text\" data-field-id=\"10\"><label class=\"wpforms-field-label\" for=\"wpforms-1542-field_10\">Location<\/label><input type=\"text\" id=\"wpforms-1542-field_10\" class=\"wpforms-field-large\" name=\"wpforms[fields][10]\" ><\/div><div id=\"wpforms-1542-field_8-container\" class=\"wpforms-field wpforms-field-number\" data-field-id=\"8\"><label class=\"wpforms-field-label\" for=\"wpforms-1542-field_8\">Headcount<\/label><input type=\"number\" id=\"wpforms-1542-field_8\" class=\"wpforms-field-large\" name=\"wpforms[fields][8]\" step=\"any\" ><\/div><div id=\"wpforms-1542-field_12-container\" class=\"wpforms-field wpforms-field-checkbox\" data-field-id=\"12\"><label class=\"wpforms-field-label\">Additional services<\/label><ul id=\"wpforms-1542-field_12\"><li class=\"choice-10 depth-1\"><input type=\"checkbox\" id=\"wpforms-1542-field_12_10\" name=\"wpforms[fields][12][]\" value=\"Bubor\u00e9kg\u00e9p\"  ><label class=\"wpforms-field-label-inline\" for=\"wpforms-1542-field_12_10\">Bubble machine<\/label><\/li><li class=\"choice-6 depth-1\"><input type=\"checkbox\" id=\"wpforms-1542-field_12_6\" name=\"wpforms[fields][12][]\" value=\"F\u00fcstg\u00e9p \/ Hazer\"  ><label class=\"wpforms-field-label-inline\" for=\"wpforms-1542-field_12_6\">Fog machine<\/label><\/li><li class=\"choice-4 depth-1\"><input type=\"checkbox\" id=\"wpforms-1542-field_12_4\" name=\"wpforms[fields][12][]\" value=\"Neh\u00e9zf\u00fcstg\u00e9p \/ sz\u00e1razj\u00e9g g\u00e9p\"  ><label class=\"wpforms-field-label-inline\" for=\"wpforms-1542-field_12_4\">Ground Fog \/ Dry Ice Machine<\/label><\/li><li class=\"choice-7 depth-1\"><input type=\"checkbox\" id=\"wpforms-1542-field_12_7\" name=\"wpforms[fields][12][]\" value=\"Hidegszikra g\u00e9p\"  ><label class=\"wpforms-field-label-inline\" for=\"wpforms-1542-field_12_7\">Cold Spark Machine<\/label><\/li><li class=\"choice-8 depth-1\"><input type=\"checkbox\" id=\"wpforms-1542-field_12_8\" name=\"wpforms[fields][12][]\" value=\"LED-es gobo, log\u00f3 vet\u00edt\u00e9s\"  ><label class=\"wpforms-field-label-inline\" for=\"wpforms-1542-field_12_8\">LED Gobo \/ Logo Projection<\/label><\/li><li class=\"choice-9 depth-1\"><input type=\"checkbox\" id=\"wpforms-1542-field_12_9\" name=\"wpforms[fields][12][]\" value=\"LED-es falfest\u00e9s\"  ><label class=\"wpforms-field-label-inline\" for=\"wpforms-1542-field_12_9\">LED Wall Wash Lighting<\/label><\/li><li class=\"choice-11 depth-1\"><input type=\"checkbox\" id=\"wpforms-1542-field_12_11\" name=\"wpforms[fields][12][]\" value=\"Projektoros vet\u00edt\u00e9s v\u00e1szonnal \/ v\u00e1szon n\u00e9lk\u00fcl\"  ><label class=\"wpforms-field-label-inline\" for=\"wpforms-1542-field_12_11\">Projector and Screen Rental<\/label><\/li><\/ul><\/div><div id=\"wpforms-1542-field_6-container\" class=\"wpforms-field wpforms-field-textarea\" data-field-id=\"6\"><label class=\"wpforms-field-label\" for=\"wpforms-1542-field_6\">Message <span class=\"wpforms-required-label\">*<\/span><\/label><textarea id=\"wpforms-1542-field_6\" class=\"wpforms-field-medium wpforms-field-required\" name=\"wpforms[fields][6]\" required><\/textarea><\/div><div id=\"wpforms-1542-field_7-container\" class=\"wpforms-field wpforms-field-checkbox\" data-field-id=\"7\"><label class=\"wpforms-field-label\">Data protection <span class=\"wpforms-required-label\">*<\/span><\/label><ul id=\"wpforms-1542-field_7\" class=\"wpforms-field-required\"><li class=\"choice-1 depth-1\"><input type=\"checkbox\" id=\"wpforms-1542-field_7_1\" name=\"wpforms[fields][7][]\" value=\"Az adatv\u00e9delmi ir\u00e1nyelveket ismerem, \u00e9s elfogadom\" required><label class=\"wpforms-field-label-inline\" for=\"wpforms-1542-field_7_1\">I understand and accept the privacy policy<\/label><\/li><\/ul><\/div><\/div><!-- .wpforms-field-container --><div class=\"wpforms-recaptcha-container wpforms-is-recaptcha wpforms-is-recaptcha-type-v3\" ><input type=\"hidden\" name=\"wpforms[recaptcha]\" value=\"\"><\/div><div class=\"wpforms-submit-container\" ><input type=\"hidden\" name=\"wpforms[id]\" value=\"1542\"><input type=\"hidden\" name=\"page_title\" value=\"\"><input type=\"hidden\" name=\"page_url\" value=\"https:\/\/brecskaevent.com\/en\/wp-json\/wp\/v2\/pages\/647\"><input type=\"hidden\" name=\"url_referer\" value=\"\"><button type=\"submit\" name=\"wpforms[submit]\" id=\"wpforms-submit-1542\" class=\"wpforms-submit submit-form-btn\" data-alt-text=\"K\u00fcld\u00e9s...\" data-submit-text=\"\u00dczenet k\u00fcld\u00e9se\" aria-live=\"assertive\" value=\"wpforms-submit\">Send E-mail<\/button><img decoding=\"async\" src=\"https:\/\/brecskaevent.com\/wp-content\/plugins\/wpforms-lite\/assets\/images\/submit-spin.svg\" class=\"wpforms-submit-spinner\" style=\"display: none;\" width=\"26\" height=\"26\" alt=\"Loading\"><\/div><input type=\"hidden\" name=\"trp-form-language\" value=\"en\"\/><\/form><\/div>  <!-- .wpforms-container -->\t\t\t\t<\/div>\n\t\t\t\t<\/div>\n\t\t\t\t<div class=\"elementor-element elementor-element-8055ddf elementor-align-justify elementor-widget elementor-widget-button\" data-id=\"8055ddf\" data-element_type=\"widget\" data-widget_type=\"button.default\">\n\t\t\t\t<div class=\"elementor-widget-container\">\n\t\t\t\t\t\t\t\t\t<div class=\"elementor-button-wrapper\">\n\t\t\t\t\t<a class=\"elementor-button elementor-button-link elementor-size-sm\" href=\"https:\/\/brecskaevent.com\/en\/gdpr\/\" target=\"_blank\">\n\t\t\t\t\t\t<span class=\"elementor-button-content-wrapper\">\n\t\t\t\t\t\t<span class=\"elementor-button-icon\">\n\t\t\t\t<i aria-hidden=\"true\" class=\"fas fa-info\"><\/i>\t\t\t<\/span>\n\t\t\t\t\t\t\t\t\t<span class=\"elementor-button-text\">Privacy Policy<\/span>\n\t\t\t\t\t<\/span>\n\t\t\t\t\t<\/a>\n\t\t\t\t<\/div>\n\t\t\t\t\t\t\t\t<\/div>\n\t\t\t\t<\/div>\n\t\t\t\t\t<\/div>\n\t\t<\/div>\n\t\t\t\t<div class=\"elementor-column elementor-col-50 elementor-top-column elementor-element elementor-element-fcfae97\" data-id=\"fcfae97\" data-element_type=\"column\">\n\t\t\t<div class=\"elementor-widget-wrap elementor-element-populated\">\n\t\t\t\t\t\t<div class=\"elementor-element elementor-element-d643faf elementor-widget elementor-widget-image\" data-id=\"d643faf\" data-element_type=\"widget\" data-widget_type=\"image.default\">\n\t\t\t\t<div class=\"elementor-widget-container\">\n\t\t\t\t\t\t\t\t\t\t\t\t\t\t\t<img fetchpriority=\"high\" decoding=\"async\" width=\"1024\" height=\"683\" src=\"https:\/\/brecskaevent.com\/wp-content\/uploads\/2024\/02\/brecskaevent_img_001-1024x683.jpg\" class=\"attachment-large size-large wp-image-3471\" alt=\"eskuvoi-dj-szolgaltatas-szombathely\" srcset=\"https:\/\/brecskaevent.com\/wp-content\/uploads\/2024\/02\/brecskaevent_img_001-1024x683.jpg 1024w, https:\/\/brecskaevent.com\/wp-content\/uploads\/2024\/02\/brecskaevent_img_001-300x200.jpg 300w, https:\/\/brecskaevent.com\/wp-content\/uploads\/2024\/02\/brecskaevent_img_001-768x512.jpg 768w, https:\/\/brecskaevent.com\/wp-content\/uploads\/2024\/02\/brecskaevent_img_001-1536x1025.jpg 1536w, https:\/\/brecskaevent.com\/wp-content\/uploads\/2024\/02\/brecskaevent_img_001.jpg 2048w\" sizes=\"(max-width: 1024px) 100vw, 1024px\" \/>\t\t\t\t\t\t\t\t\t\t\t\t\t\t\t<\/div>\n\t\t\t\t<\/div>\n\t\t\t\t<div class=\"elementor-element elementor-element-e3ce489 elementor-widget elementor-widget-image\" data-id=\"e3ce489\" data-element_type=\"widget\" data-widget_type=\"image.default\">\n\t\t\t\t<div class=\"elementor-widget-container\">\n\t\t\t\t\t\t\t\t\t\t\t\t\t\t\t<img decoding=\"async\" width=\"1024\" height=\"683\" src=\"https:\/\/brecskaevent.com\/wp-content\/uploads\/2024\/02\/brecskaevent_img_063-1024x683.jpg\" class=\"attachment-large size-large wp-image-3533\" alt=\"\" srcset=\"https:\/\/brecskaevent.com\/wp-content\/uploads\/2024\/02\/brecskaevent_img_063-1024x683.jpg 1024w, https:\/\/brecskaevent.com\/wp-content\/uploads\/2024\/02\/brecskaevent_img_063-300x200.jpg 300w, https:\/\/brecskaevent.com\/wp-content\/uploads\/2024\/02\/brecskaevent_img_063-768x512.jpg 768w, https:\/\/brecskaevent.com\/wp-content\/uploads\/2024\/02\/brecskaevent_img_063-1536x1024.jpg 1536w, https:\/\/brecskaevent.com\/wp-content\/uploads\/2024\/02\/brecskaevent_img_063.jpg 2048w\" sizes=\"(max-width: 1024px) 100vw, 1024px\" \/>\t\t\t\t\t\t\t\t\t\t\t\t\t\t\t<\/div>\n\t\t\t\t<\/div>\n\t\t\t\t<div class=\"elementor-element elementor-element-efe939a elementor-widget elementor-widget-google_maps\" data-id=\"efe939a\" data-element_type=\"widget\" data-widget_type=\"google_maps.default\">\n\t\t\t\t<div class=\"elementor-widget-container\">\n\t\t\t\t\t\t\t<div class=\"elementor-custom-embed\">\n\t\t\t<iframe loading=\"lazy\"\n\t\t\t\t\tsrc=\"https:\/\/maps.google.com\/maps?q=Szombathley&#038;t=m&#038;z=12&#038;output=embed&#038;iwloc=near\"\n\t\t\t\t\ttitle=\"Szombathley\"\n\t\t\t\t\taria-label=\"Szombathley\"\n\t\t\t><\/iframe>\n\t\t<\/div>\n\t\t\t\t\t\t<\/div>\n\t\t\t\t<\/div>\n\t\t\t\t\t<\/div>\n\t\t<\/div>\n\t\t\t\t\t<\/div>\n\t\t<\/section>\n\t\t\t\t<\/div>","protected":false},"excerpt":{"rendered":"<p>Kapcsolat K\u00e9rd\u00e9sed van? K\u00fcldj \u00fczenetet! Please enable JavaScript in your browser to complete this form.N\u00e9v *Email *Rendezv\u00e9ny jellege *Esk\u00fcv\u0151B\u00e1l, c\u00e9ges rendezv\u00e9nyPriv\u00e1t rendezv\u00e9nyHangos\u00edt\u00e1sId\u0151pontHelysz\u00ednL\u00e9tsz\u00e1mSzolg\u00e1ltat\u00e1sok Zene szolg\u00e1ltat\u00e1s Hangos\u00edt\u00e1s Bubor\u00e9kg\u00e9p Ledes falsz\u00ednez\u00e9s Sz\u00e1razj\u00e9g g\u00e9p Gobo vet\u00edt\u00e9s Projektoros vet\u00edt\u00e9s, v\u00e1szonnal F\u00fcstg\u00e9p \u00dczenet sz\u00f6vege *Adatv\u00e9delem * Az adatv\u00e9delmi ir\u00e1nyelveket ismerem, \u00e9s elfogadom \u00dczenet k\u00fcld\u00e9se Adatv\u00e9delmi t\u00e1j\u00e9koztat\u00f3<\/p>","protected":false},"author":1,"featured_media":0,"parent":0,"menu_order":0,"comment_status":"closed","ping_status":"closed","template":"","meta":{"site-sidebar-layout":"no-sidebar","site-content-layout":"page-builder","ast-global-header-display":"","ast-main-header-display":"","ast-hfb-above-header-display":"","ast-hfb-below-header-display":"","ast-hfb-mobile-header-display":"","site-post-title":"disabled","ast-breadcrumbs-content":"disabled","ast-featured-img":"disabled","footer-sml-layout":"","theme-transparent-header-meta":"enabled","adv-header-id-meta":"","stick-header-meta":"","header-above-stick-meta":"","header-main-stick-meta":"","header-below-stick-meta":"","footnotes":""},"class_list":["post-647","page","type-page","status-publish","hentry"],"yoast_head":"<!-- This site is optimized with the Yoast SEO plugin v25.3 - https:\/\/yoast.com\/wordpress\/plugins\/seo\/ -->\n<title>Kapcsolat - Brecskaevent<\/title>\n<meta name=\"robots\" content=\"index, follow, max-snippet:-1, max-image-preview:large, max-video-preview:-1\" \/>\n<link rel=\"canonical\" href=\"https:\/\/brecskaevent.com\/en\/contact\/\" \/>\n<meta property=\"og:locale\" content=\"en_US\" \/>\n<meta property=\"og:type\" content=\"article\" \/>\n<meta property=\"og:title\" content=\"Kapcsolat - Brecskaevent\" \/>\n<meta property=\"og:description\" content=\"Kapcsolat K\u00e9rd\u00e9sed van? K\u00fcldj \u00fczenetet! Please enable JavaScript in your browser to complete this form.N\u00e9v *Email *Rendezv\u00e9ny jellege *Esk\u00fcv\u0151B\u00e1l, c\u00e9ges rendezv\u00e9nyPriv\u00e1t rendezv\u00e9nyHangos\u00edt\u00e1sId\u0151pontHelysz\u00ednL\u00e9tsz\u00e1mSzolg\u00e1ltat\u00e1sok Zene szolg\u00e1ltat\u00e1s Hangos\u00edt\u00e1s Bubor\u00e9kg\u00e9p Ledes falsz\u00ednez\u00e9s Sz\u00e1razj\u00e9g g\u00e9p Gobo vet\u00edt\u00e9s Projektoros vet\u00edt\u00e9s, v\u00e1szonnal F\u00fcstg\u00e9p \u00dczenet sz\u00f6vege *Adatv\u00e9delem * Az adatv\u00e9delmi ir\u00e1nyelveket ismerem, \u00e9s elfogadom \u00dczenet k\u00fcld\u00e9se Adatv\u00e9delmi t\u00e1j\u00e9koztat\u00f3\" \/>\n<meta property=\"og:url\" content=\"https:\/\/brecskaevent.com\/en\/contact\/\" \/>\n<meta property=\"og:site_name\" content=\"Brecskaevent\" \/>\n<meta property=\"article:publisher\" content=\"https:\/\/www.facebook.com\/djbrecska\" \/>\n<meta property=\"article:modified_time\" content=\"2024-02-13T19:44:25+00:00\" \/>\n<meta property=\"og:image\" content=\"https:\/\/brecskaevent.com\/wp-content\/plugins\/wpforms-lite\/assets\/images\/submit-spin.svg\" \/>\n<meta name=\"twitter:card\" content=\"summary_large_image\" \/>\n<meta name=\"twitter:label1\" content=\"Est. reading time\" \/>\n\t<meta name=\"twitter:data1\" content=\"1 minute\" \/>\n<script type=\"application\/ld+json\" class=\"yoast-schema-graph\">{\"@context\":\"https:\/\/schema.org\",\"@graph\":[{\"@type\":\"WebPage\",\"@id\":\"https:\/\/brecskaevent.com\/contact\/\",\"url\":\"https:\/\/brecskaevent.com\/contact\/\",\"name\":\"Kapcsolat - Brecskaevent\",\"isPartOf\":{\"@id\":\"https:\/\/brecskaevent.com\/#website\"},\"primaryImageOfPage\":{\"@id\":\"https:\/\/brecskaevent.com\/contact\/#primaryimage\"},\"image\":{\"@id\":\"https:\/\/brecskaevent.com\/contact\/#primaryimage\"},\"thumbnailUrl\":\"https:\/\/brecskaevent.com\/wp-content\/plugins\/wpforms-lite\/assets\/images\/submit-spin.svg\",\"datePublished\":\"2021-08-25T12:24:15+00:00\",\"dateModified\":\"2024-02-13T19:44:25+00:00\",\"breadcrumb\":{\"@id\":\"https:\/\/brecskaevent.com\/contact\/#breadcrumb\"},\"inLanguage\":\"en-US\",\"potentialAction\":[{\"@type\":\"ReadAction\",\"target\":[\"https:\/\/brecskaevent.com\/contact\/\"]}]},{\"@type\":\"ImageObject\",\"inLanguage\":\"en-US\",\"@id\":\"https:\/\/brecskaevent.com\/contact\/#primaryimage\",\"url\":\"https:\/\/brecskaevent.com\/wp-content\/plugins\/wpforms-lite\/assets\/images\/submit-spin.svg\",\"contentUrl\":\"https:\/\/brecskaevent.com\/wp-content\/plugins\/wpforms-lite\/assets\/images\/submit-spin.svg\"},{\"@type\":\"BreadcrumbList\",\"@id\":\"https:\/\/brecskaevent.com\/contact\/#breadcrumb\",\"itemListElement\":[{\"@type\":\"ListItem\",\"position\":1,\"name\":\"Kezd\u0151lap\",\"item\":\"https:\/\/brecskaevent.com\/\"},{\"@type\":\"ListItem\",\"position\":2,\"name\":\"Kapcsolat\"}]},{\"@type\":\"WebSite\",\"@id\":\"https:\/\/brecskaevent.com\/#website\",\"url\":\"https:\/\/brecskaevent.com\/\",\"name\":\"Brecskaevent\",\"description\":\"All you need is love and a good dj for your wedding party\",\"publisher\":{\"@id\":\"https:\/\/brecskaevent.com\/#\/schema\/person\/1e7805d5926f543a183396fe90e8c489\"},\"potentialAction\":[{\"@type\":\"SearchAction\",\"target\":{\"@type\":\"EntryPoint\",\"urlTemplate\":\"https:\/\/brecskaevent.com\/?s={search_term_string}\"},\"query-input\":{\"@type\":\"PropertyValueSpecification\",\"valueRequired\":true,\"valueName\":\"search_term_string\"}}],\"inLanguage\":\"en-US\"},{\"@type\":[\"Person\",\"Organization\"],\"@id\":\"https:\/\/brecskaevent.com\/#\/schema\/person\/1e7805d5926f543a183396fe90e8c489\",\"name\":\"Brecska Attila\",\"image\":{\"@type\":\"ImageObject\",\"inLanguage\":\"en-US\",\"@id\":\"https:\/\/brecskaevent.com\/#\/schema\/person\/image\/\",\"url\":\"https:\/\/brecskaevent.com\/wp-content\/uploads\/2023\/03\/Mr_and_Ms_logo_white.png\",\"contentUrl\":\"https:\/\/brecskaevent.com\/wp-content\/uploads\/2023\/03\/Mr_and_Ms_logo_white.png\",\"width\":1000,\"height\":611,\"caption\":\"Brecska Attila\"},\"logo\":{\"@id\":\"https:\/\/brecskaevent.com\/#\/schema\/person\/image\/\"},\"sameAs\":[\"https:\/\/www.facebook.com\/djbrecska\",\"https:\/\/www.instagram.com\/djbrecska\/\",\"https:\/\/www.youtube.com\/@BrecskaAttila\"]}]}<\/script>\n<!-- \/ Yoast SEO plugin. -->","yoast_head_json":{"title":"Kapcsolat - Brecskaevent","robots":{"index":"index","follow":"follow","max-snippet":"max-snippet:-1","max-image-preview":"max-image-preview:large","max-video-preview":"max-video-preview:-1"},"canonical":"https:\/\/brecskaevent.com\/en\/contact\/","og_locale":"en_US","og_type":"article","og_title":"Kapcsolat - Brecskaevent","og_description":"Kapcsolat K\u00e9rd\u00e9sed van? K\u00fcldj \u00fczenetet! Please enable JavaScript in your browser to complete this form.N\u00e9v *Email *Rendezv\u00e9ny jellege *Esk\u00fcv\u0151B\u00e1l, c\u00e9ges rendezv\u00e9nyPriv\u00e1t rendezv\u00e9nyHangos\u00edt\u00e1sId\u0151pontHelysz\u00ednL\u00e9tsz\u00e1mSzolg\u00e1ltat\u00e1sok Zene szolg\u00e1ltat\u00e1s Hangos\u00edt\u00e1s Bubor\u00e9kg\u00e9p Ledes falsz\u00ednez\u00e9s Sz\u00e1razj\u00e9g g\u00e9p Gobo vet\u00edt\u00e9s Projektoros vet\u00edt\u00e9s, v\u00e1szonnal F\u00fcstg\u00e9p \u00dczenet sz\u00f6vege *Adatv\u00e9delem * Az adatv\u00e9delmi ir\u00e1nyelveket ismerem, \u00e9s elfogadom \u00dczenet k\u00fcld\u00e9se Adatv\u00e9delmi t\u00e1j\u00e9koztat\u00f3","og_url":"https:\/\/brecskaevent.com\/en\/contact\/","og_site_name":"Brecskaevent","article_publisher":"https:\/\/www.facebook.com\/djbrecska","article_modified_time":"2024-02-13T19:44:25+00:00","og_image":[{"url":"https:\/\/brecskaevent.com\/wp-content\/plugins\/wpforms-lite\/assets\/images\/submit-spin.svg","type":"","width":"","height":""}],"twitter_card":"summary_large_image","twitter_misc":{"Est. reading time":"1 minute"},"schema":{"@context":"https:\/\/schema.org","@graph":[{"@type":"WebPage","@id":"https:\/\/brecskaevent.com\/contact\/","url":"https:\/\/brecskaevent.com\/contact\/","name":"Kapcsolat - Brecskaevent","isPartOf":{"@id":"https:\/\/brecskaevent.com\/#website"},"primaryImageOfPage":{"@id":"https:\/\/brecskaevent.com\/contact\/#primaryimage"},"image":{"@id":"https:\/\/brecskaevent.com\/contact\/#primaryimage"},"thumbnailUrl":"https:\/\/brecskaevent.com\/wp-content\/plugins\/wpforms-lite\/assets\/images\/submit-spin.svg","datePublished":"2021-08-25T12:24:15+00:00","dateModified":"2024-02-13T19:44:25+00:00","breadcrumb":{"@id":"https:\/\/brecskaevent.com\/contact\/#breadcrumb"},"inLanguage":"en-US","potentialAction":[{"@type":"ReadAction","target":["https:\/\/brecskaevent.com\/contact\/"]}]},{"@type":"ImageObject","inLanguage":"en-US","@id":"https:\/\/brecskaevent.com\/contact\/#primaryimage","url":"https:\/\/brecskaevent.com\/wp-content\/plugins\/wpforms-lite\/assets\/images\/submit-spin.svg","contentUrl":"https:\/\/brecskaevent.com\/wp-content\/plugins\/wpforms-lite\/assets\/images\/submit-spin.svg"},{"@type":"BreadcrumbList","@id":"https:\/\/brecskaevent.com\/contact\/#breadcrumb","itemListElement":[{"@type":"ListItem","position":1,"name":"Kezd\u0151lap","item":"https:\/\/brecskaevent.com\/"},{"@type":"ListItem","position":2,"name":"Kapcsolat"}]},{"@type":"WebSite","@id":"https:\/\/brecskaevent.com\/#website","url":"https:\/\/brecskaevent.com\/","name":"Brecskaevent","description":"All you need is love and a good dj for your wedding party","publisher":{"@id":"https:\/\/brecskaevent.com\/#\/schema\/person\/1e7805d5926f543a183396fe90e8c489"},"potentialAction":[{"@type":"SearchAction","target":{"@type":"EntryPoint","urlTemplate":"https:\/\/brecskaevent.com\/?s={search_term_string}"},"query-input":{"@type":"PropertyValueSpecification","valueRequired":true,"valueName":"search_term_string"}}],"inLanguage":"en-US"},{"@type":["Person","Organization"],"@id":"https:\/\/brecskaevent.com\/#\/schema\/person\/1e7805d5926f543a183396fe90e8c489","name":"Brecska Attila","image":{"@type":"ImageObject","inLanguage":"en-US","@id":"https:\/\/brecskaevent.com\/#\/schema\/person\/image\/","url":"https:\/\/brecskaevent.com\/wp-content\/uploads\/2023\/03\/Mr_and_Ms_logo_white.png","contentUrl":"https:\/\/brecskaevent.com\/wp-content\/uploads\/2023\/03\/Mr_and_Ms_logo_white.png","width":1000,"height":611,"caption":"Brecska Attila"},"logo":{"@id":"https:\/\/brecskaevent.com\/#\/schema\/person\/image\/"},"sameAs":["https:\/\/www.facebook.com\/djbrecska","https:\/\/www.instagram.com\/djbrecska\/","https:\/\/www.youtube.com\/@BrecskaAttila"]}]}},"_links":{"self":[{"href":"https:\/\/brecskaevent.com\/en\/wp-json\/wp\/v2\/pages\/647","targetHints":{"allow":["GET"]}}],"collection":[{"href":"https:\/\/brecskaevent.com\/en\/wp-json\/wp\/v2\/pages"}],"about":[{"href":"https:\/\/brecskaevent.com\/en\/wp-json\/wp\/v2\/types\/page"}],"author":[{"embeddable":true,"href":"https:\/\/brecskaevent.com\/en\/wp-json\/wp\/v2\/users\/1"}],"replies":[{"embeddable":true,"href":"https:\/\/brecskaevent.com\/en\/wp-json\/wp\/v2\/comments?post=647"}],"version-history":[{"count":9,"href":"https:\/\/brecskaevent.com\/en\/wp-json\/wp\/v2\/pages\/647\/revisions"}],"predecessor-version":[{"id":3575,"href":"https:\/\/brecskaevent.com\/en\/wp-json\/wp\/v2\/pages\/647\/revisions\/3575"}],"wp:attachment":[{"href":"https:\/\/brecskaevent.com\/en\/wp-json\/wp\/v2\/media?parent=647"}],"curies":[{"name":"wp","href":"https:\/\/api.w.org\/{rel}","templated":true}]}}