{"id":239,"date":"2021-08-25T02:16:38","date_gmt":"2021-08-25T02:16:38","guid":{"rendered":"https:\/\/brecskaevent.com\/about\/"},"modified":"2025-01-29T19:24:37","modified_gmt":"2025-01-29T18:24:37","slug":"about","status":"publish","type":"page","link":"https:\/\/brecskaevent.com\/en\/about\/","title":{"rendered":"About Me"},"content":{"rendered":"<div data-elementor-type=\"wp-page\" data-elementor-id=\"239\" class=\"elementor elementor-239\">\n\t\t\t\t\t\t<section class=\"elementor-section elementor-top-section elementor-element elementor-element-74b20ab elementor-section-boxed elementor-section-height-default elementor-section-height-default\" data-id=\"74b20ab\" data-element_type=\"section\">\n\t\t\t\t\t\t<div class=\"elementor-container elementor-column-gap-default\">\n\t\t\t\t\t<div class=\"elementor-column elementor-col-100 elementor-top-column elementor-element elementor-element-6b35f8f\" data-id=\"6b35f8f\" data-element_type=\"column\">\n\t\t\t<div class=\"elementor-widget-wrap elementor-element-populated\">\n\t\t\t\t\t\t<div class=\"elementor-element elementor-element-0439dcd elementor-widget elementor-widget-heading\" data-id=\"0439dcd\" data-element_type=\"widget\" data-widget_type=\"heading.default\">\n\t\t\t\t<div class=\"elementor-widget-container\">\n\t\t\t\t\t<h2 class=\"elementor-heading-title elementor-size-default\">Introduction<\/h2>\t\t\t\t<\/div>\n\t\t\t\t<\/div>\n\t\t\t\t\t<\/div>\n\t\t<\/div>\n\t\t\t\t\t<\/div>\n\t\t<\/section>\n\t\t\t\t<section class=\"elementor-section elementor-top-section elementor-element elementor-element-d97d46a elementor-section-boxed elementor-section-height-default elementor-section-height-default\" data-id=\"d97d46a\" data-element_type=\"section\">\n\t\t\t\t\t\t<div class=\"elementor-container elementor-column-gap-default\">\n\t\t\t\t\t<div class=\"elementor-column elementor-col-100 elementor-top-column elementor-element elementor-element-4878463\" data-id=\"4878463\" data-element_type=\"column\">\n\t\t\t<div class=\"elementor-widget-wrap elementor-element-populated\">\n\t\t\t\t\t\t<div class=\"elementor-element elementor-element-7b12f95 elementor-widget-divider--view-line elementor-widget elementor-widget-divider\" data-id=\"7b12f95\" data-element_type=\"widget\" data-widget_type=\"divider.default\">\n\t\t\t\t<div class=\"elementor-widget-container\">\n\t\t\t\t\t\t\t<div class=\"elementor-divider\">\n\t\t\t<span class=\"elementor-divider-separator\">\n\t\t\t\t\t\t<\/span>\n\t\t<\/div>\n\t\t\t\t\t\t<\/div>\n\t\t\t\t<\/div>\n\t\t\t\t\t<\/div>\n\t\t<\/div>\n\t\t\t\t\t<\/div>\n\t\t<\/section>\n\t\t\t\t<section class=\"elementor-section elementor-top-section elementor-element elementor-element-d9f25e1 elementor-reverse-mobile elementor-section-boxed elementor-section-height-default elementor-section-height-default\" data-id=\"d9f25e1\" data-element_type=\"section\">\n\t\t\t\t\t\t<div class=\"elementor-container elementor-column-gap-default\">\n\t\t\t\t\t<div class=\"elementor-column elementor-col-50 elementor-top-column elementor-element elementor-element-0be0263\" data-id=\"0be0263\" data-element_type=\"column\">\n\t\t\t<div class=\"elementor-widget-wrap elementor-element-populated\">\n\t\t\t\t\t\t<div class=\"elementor-element elementor-element-dbe8f2f elementor-widget elementor-widget-heading\" data-id=\"dbe8f2f\" data-element_type=\"widget\" data-widget_type=\"heading.default\">\n\t\t\t\t<div class=\"elementor-widget-container\">\n\t\t\t\t\t<h4 class=\"elementor-heading-title elementor-size-default\">Attila Brecska<\/h4>\t\t\t\t<\/div>\n\t\t\t\t<\/div>\n\t\t\t\t<div class=\"elementor-element elementor-element-7493946 elementor-widget elementor-widget-text-editor\" data-id=\"7493946\" data-element_type=\"widget\" data-widget_type=\"text-editor.default\">\n\t\t\t\t<div class=\"elementor-widget-container\">\n\t\t\t\t\t\t\t\t\t<p>Hello!\u00a0<br \/>I'm Attila Brecska, founder of Brecska Event Entertainment. With a passion for DJing since I first spun a turntable at the age of twelve, I bring years of experience and expertise to every event, especially weddings. From high-energy performances to professional service, I'm dedicated to making your wedding an unforgettable experience.<br \/>DJ'ing since primary school, I have worked at hundreds of weddings, and countless nights at clubs and bars. I offer personalized musical entertainment for weddings and other special events with the aim of giving you exactly what you're looking for. My motto is that every wedding must be unique, exciting, and fun. No gimmicks, just a professional DJ that caters to the bride and groom without question to ensure the event runs smoothly.<br \/>At most wedding parties there is a very wide range in ages and managing to have everyone raving about the music selection is of high importance for me. Luckily I have the ability to read the room and easily interact with the crowd which helps me keep in touch with the energy in the room.<br \/>Prior to the event we meet at a caf\u00e9 or online to have a first impression of each other and discuss your expectations, musical taste and all the details. This way we get to know each other. Then, I give you a personalized price list and if there is a common sympathy you can choose to work with me. Keen to contribute a professional element of fun to your big day, I am committed to enhancing your event with a perfect soundtrack.\u00a0<br \/>With many years of experience, my music selection makes the oldest and youngest guests having a great time on the dance floor all night long. I play all the genres: rock, pop, alternative music, gypsy music. Please note that I do play gypsy music but I do not play this type of music all night long. If you want this type of music at your wedding party I suggest you to have a live band rather than a DJ.<br \/>Equipment:\nI install the sound and lighting equipment to the facilities of the room, decide about speaker placement, volume levels and type of lightings based on the theme that you want to create and keep the focus on your event, not the entertainer. I focus on providing you a stress-free service. Quality equipment make your speeches, dances and details outstanding.\nI am flexible and if your venue ends up allowing you to stay later than expected, I am flexible to also stay later at an affordable price.\n\nReady to make your wedding day truly unforgettable? Reach out today to schedule a consultation and discover how we can bring your vision to life with music and video. Brecska Event Entertainment can\u2019t wait to be part of your special day!<\/p>\t\t\t\t\t\t\t\t<\/div>\n\t\t\t\t<\/div>\n\t\t\t\t<div class=\"elementor-element elementor-element-e5b15a6 elementor-tablet-align-justify elementor-align-justify elementor-hidden-desktop elementor-hidden-tablet elementor-widget elementor-widget-button\" data-id=\"e5b15a6\" data-element_type=\"widget\" data-widget_type=\"button.default\">\n\t\t\t\t<div class=\"elementor-widget-container\">\n\t\t\t\t\t\t\t\t\t<div class=\"elementor-button-wrapper\">\n\t\t\t\t\t<a class=\"elementor-button elementor-button-link elementor-size-sm\" href=\"https:\/\/brecskaevent.com\/en\/contact\/\">\n\t\t\t\t\t\t<span class=\"elementor-button-content-wrapper\">\n\t\t\t\t\t\t\t\t\t<span class=\"elementor-button-text\">Contact<\/span>\n\t\t\t\t\t<\/span>\n\t\t\t\t\t<\/a>\n\t\t\t\t<\/div>\n\t\t\t\t\t\t\t\t<\/div>\n\t\t\t\t<\/div>\n\t\t\t\t\t<\/div>\n\t\t<\/div>\n\t\t\t\t<div class=\"elementor-column elementor-col-50 elementor-top-column elementor-element elementor-element-9c6b5ee\" data-id=\"9c6b5ee\" data-element_type=\"column\">\n\t\t\t<div class=\"elementor-widget-wrap elementor-element-populated\">\n\t\t\t\t\t\t<div class=\"elementor-element elementor-element-ab0895e elementor-widget elementor-widget-image\" data-id=\"ab0895e\" data-element_type=\"widget\" data-widget_type=\"image.default\">\n\t\t\t\t<div class=\"elementor-widget-container\">\n\t\t\t\t\t\t\t\t\t\t\t\t\t\t\t<img fetchpriority=\"high\" decoding=\"async\" width=\"729\" height=\"729\" src=\"https:\/\/brecskaevent.com\/wp-content\/uploads\/2023\/02\/324749731_2873226179488468_2742394767059945063_n-1.jpg\" class=\"attachment-large size-large wp-image-1445\" alt=\"\" srcset=\"https:\/\/brecskaevent.com\/wp-content\/uploads\/2023\/02\/324749731_2873226179488468_2742394767059945063_n-1.jpg 729w, https:\/\/brecskaevent.com\/wp-content\/uploads\/2023\/02\/324749731_2873226179488468_2742394767059945063_n-1-300x300.jpg 300w, https:\/\/brecskaevent.com\/wp-content\/uploads\/2023\/02\/324749731_2873226179488468_2742394767059945063_n-1-150x150.jpg 150w\" sizes=\"(max-width: 729px) 100vw, 729px\" \/>\t\t\t\t\t\t\t\t\t\t\t\t\t\t\t<\/div>\n\t\t\t\t<\/div>\n\t\t\t\t<div class=\"elementor-element elementor-element-9f26bc1 elementor-tablet-align-justify elementor-hidden-mobile elementor-align-justify elementor-widget elementor-widget-button\" data-id=\"9f26bc1\" data-element_type=\"widget\" data-widget_type=\"button.default\">\n\t\t\t\t<div class=\"elementor-widget-container\">\n\t\t\t\t\t\t\t\t\t<div class=\"elementor-button-wrapper\">\n\t\t\t\t\t<a class=\"elementor-button elementor-button-link elementor-size-sm\" href=\"https:\/\/brecskaevent.com\/en\/contact\/\">\n\t\t\t\t\t\t<span class=\"elementor-button-content-wrapper\">\n\t\t\t\t\t\t\t\t\t<span class=\"elementor-button-text\">Contact<\/span>\n\t\t\t\t\t<\/span>\n\t\t\t\t\t<\/a>\n\t\t\t\t<\/div>\n\t\t\t\t\t\t\t\t<\/div>\n\t\t\t\t<\/div>\n\t\t\t\t\t<\/div>\n\t\t<\/div>\n\t\t\t\t\t<\/div>\n\t\t<\/section>\n\t\t\t\t<\/div>","protected":false},"excerpt":{"rendered":"<p>Bemutatkoz\u00e1s\u200b Brecska Attila \u00c9l\u0151 zene vagy Dj?\u00a0Tal\u00e1n ez az els\u0151 \u00e9s legfontosabb k\u00e9rd\u00e9s, ami minden p\u00e1rn\u00e1l felmer\u00fcl az esk\u00fcv\u0151i el\u0151k\u00e9sz\u00fcletek sor\u00e1n. Az \u00e9l\u0151 zen\u00e9t term\u00e9szetesen nem tudom helyettes\u00edteni, de j\u00f3val sz\u00e9lesebb reperto\u00e1rral rendelkezem \u00e9s minden zene eredetiben, j\u00f3 min\u0151s\u00e9gben fog megsz\u00f3lalni. Amit szint\u00e9n fontosnak tartok megeml\u00edteni, hogy nincsenek sz\u00fcnetek, \u00e9s ha a hangulat megk\u00edv\u00e1nja, ak\u00e1r &hellip;<\/p>\n<p class=\"read-more\"> <a class=\"\" href=\"https:\/\/brecskaevent.com\/en\/about\/\"> <span class=\"screen-reader-text\">About Me<\/span> Read More &raquo;<\/a><\/p>","protected":false},"author":1,"featured_media":0,"parent":0,"menu_order":0,"comment_status":"closed","ping_status":"closed","template":"","meta":{"site-sidebar-layout":"no-sidebar","site-content-layout":"page-builder","ast-global-header-display":"","ast-main-header-display":"","ast-hfb-above-header-display":"","ast-hfb-below-header-display":"","ast-hfb-mobile-header-display":"","site-post-title":"disabled","ast-breadcrumbs-content":"disabled","ast-featured-img":"disabled","footer-sml-layout":"","theme-transparent-header-meta":"enabled","adv-header-id-meta":"","stick-header-meta":"","header-above-stick-meta":"","header-main-stick-meta":"","header-below-stick-meta":"","footnotes":""},"class_list":["post-239","page","type-page","status-publish","hentry"],"yoast_head":"<!-- This site is optimized with the Yoast SEO plugin v25.3 - https:\/\/yoast.com\/wordpress\/plugins\/seo\/ -->\n<title>R\u00f3lam - Brecskaevent<\/title>\n<meta name=\"robots\" content=\"index, follow, max-snippet:-1, max-image-preview:large, max-video-preview:-1\" \/>\n<link rel=\"canonical\" href=\"https:\/\/brecskaevent.com\/en\/about\/\" \/>\n<meta property=\"og:locale\" content=\"en_US\" \/>\n<meta property=\"og:type\" content=\"article\" \/>\n<meta property=\"og:title\" content=\"R\u00f3lam - Brecskaevent\" \/>\n<meta property=\"og:description\" content=\"Bemutatkoz\u00e1s\u200b Brecska Attila \u00c9l\u0151 zene vagy Dj?\u00a0Tal\u00e1n ez az els\u0151 \u00e9s legfontosabb k\u00e9rd\u00e9s, ami minden p\u00e1rn\u00e1l felmer\u00fcl az esk\u00fcv\u0151i el\u0151k\u00e9sz\u00fcletek sor\u00e1n. Az \u00e9l\u0151 zen\u00e9t term\u00e9szetesen nem tudom helyettes\u00edteni, de j\u00f3val sz\u00e9lesebb reperto\u00e1rral rendelkezem \u00e9s minden zene eredetiben, j\u00f3 min\u0151s\u00e9gben fog megsz\u00f3lalni. Amit szint\u00e9n fontosnak tartok megeml\u00edteni, hogy nincsenek sz\u00fcnetek, \u00e9s ha a hangulat megk\u00edv\u00e1nja, ak\u00e1r &hellip; R\u00f3lam Read More &raquo;\" \/>\n<meta property=\"og:url\" content=\"https:\/\/brecskaevent.com\/en\/about\/\" \/>\n<meta property=\"og:site_name\" content=\"Brecskaevent\" \/>\n<meta property=\"article:publisher\" content=\"https:\/\/www.facebook.com\/djbrecska\" \/>\n<meta property=\"article:modified_time\" content=\"2025-01-29T18:24:37+00:00\" \/>\n<meta property=\"og:image\" content=\"https:\/\/brecskaevent.com\/wp-content\/uploads\/2023\/02\/324749731_2873226179488468_2742394767059945063_n-1.jpg\" \/>\n<meta name=\"twitter:card\" content=\"summary_large_image\" \/>\n<meta name=\"twitter:label1\" content=\"Est. reading time\" \/>\n\t<meta name=\"twitter:data1\" content=\"4 minutes\" \/>\n<script type=\"application\/ld+json\" class=\"yoast-schema-graph\">{\"@context\":\"https:\/\/schema.org\",\"@graph\":[{\"@type\":\"WebPage\",\"@id\":\"https:\/\/brecskaevent.com\/en\/about\/\",\"url\":\"https:\/\/brecskaevent.com\/en\/about\/\",\"name\":\"R\u00f3lam - Brecskaevent\",\"isPartOf\":{\"@id\":\"https:\/\/brecskaevent.com\/#website\"},\"primaryImageOfPage\":{\"@id\":\"https:\/\/brecskaevent.com\/en\/about\/#primaryimage\"},\"image\":{\"@id\":\"https:\/\/brecskaevent.com\/en\/about\/#primaryimage\"},\"thumbnailUrl\":\"https:\/\/brecskaevent.com\/wp-content\/uploads\/2023\/02\/324749731_2873226179488468_2742394767059945063_n-1.jpg\",\"datePublished\":\"2021-08-25T02:16:38+00:00\",\"dateModified\":\"2025-01-29T18:24:37+00:00\",\"breadcrumb\":{\"@id\":\"https:\/\/brecskaevent.com\/en\/about\/#breadcrumb\"},\"inLanguage\":\"en-US\",\"potentialAction\":[{\"@type\":\"ReadAction\",\"target\":[\"https:\/\/brecskaevent.com\/en\/about\/\"]}]},{\"@type\":\"ImageObject\",\"inLanguage\":\"en-US\",\"@id\":\"https:\/\/brecskaevent.com\/en\/about\/#primaryimage\",\"url\":\"https:\/\/brecskaevent.com\/wp-content\/uploads\/2023\/02\/324749731_2873226179488468_2742394767059945063_n-1.jpg\",\"contentUrl\":\"https:\/\/brecskaevent.com\/wp-content\/uploads\/2023\/02\/324749731_2873226179488468_2742394767059945063_n-1.jpg\"},{\"@type\":\"BreadcrumbList\",\"@id\":\"https:\/\/brecskaevent.com\/en\/about\/#breadcrumb\",\"itemListElement\":[{\"@type\":\"ListItem\",\"position\":1,\"name\":\"Kezd\u0151lap\",\"item\":\"https:\/\/brecskaevent.com\/\"},{\"@type\":\"ListItem\",\"position\":2,\"name\":\"R\u00f3lam\"}]},{\"@type\":\"WebSite\",\"@id\":\"https:\/\/brecskaevent.com\/#website\",\"url\":\"https:\/\/brecskaevent.com\/\",\"name\":\"Brecskaevent\",\"description\":\"All you need is love and a good dj for your wedding party\",\"publisher\":{\"@id\":\"https:\/\/brecskaevent.com\/#\/schema\/person\/1e7805d5926f543a183396fe90e8c489\"},\"potentialAction\":[{\"@type\":\"SearchAction\",\"target\":{\"@type\":\"EntryPoint\",\"urlTemplate\":\"https:\/\/brecskaevent.com\/?s={search_term_string}\"},\"query-input\":{\"@type\":\"PropertyValueSpecification\",\"valueRequired\":true,\"valueName\":\"search_term_string\"}}],\"inLanguage\":\"en-US\"},{\"@type\":[\"Person\",\"Organization\"],\"@id\":\"https:\/\/brecskaevent.com\/#\/schema\/person\/1e7805d5926f543a183396fe90e8c489\",\"name\":\"Brecska Attila\",\"image\":{\"@type\":\"ImageObject\",\"inLanguage\":\"en-US\",\"@id\":\"https:\/\/brecskaevent.com\/#\/schema\/person\/image\/\",\"url\":\"https:\/\/brecskaevent.com\/wp-content\/uploads\/2023\/03\/Mr_and_Ms_logo_white.png\",\"contentUrl\":\"https:\/\/brecskaevent.com\/wp-content\/uploads\/2023\/03\/Mr_and_Ms_logo_white.png\",\"width\":1000,\"height\":611,\"caption\":\"Brecska Attila\"},\"logo\":{\"@id\":\"https:\/\/brecskaevent.com\/#\/schema\/person\/image\/\"},\"sameAs\":[\"https:\/\/www.facebook.com\/djbrecska\",\"https:\/\/www.instagram.com\/djbrecska\/\",\"https:\/\/www.youtube.com\/@BrecskaAttila\"]}]}<\/script>\n<!-- \/ Yoast SEO plugin. -->","yoast_head_json":{"title":"R\u00f3lam - Brecskaevent","robots":{"index":"index","follow":"follow","max-snippet":"max-snippet:-1","max-image-preview":"max-image-preview:large","max-video-preview":"max-video-preview:-1"},"canonical":"https:\/\/brecskaevent.com\/en\/about\/","og_locale":"en_US","og_type":"article","og_title":"R\u00f3lam - Brecskaevent","og_description":"Bemutatkoz\u00e1s\u200b Brecska Attila \u00c9l\u0151 zene vagy Dj?\u00a0Tal\u00e1n ez az els\u0151 \u00e9s legfontosabb k\u00e9rd\u00e9s, ami minden p\u00e1rn\u00e1l felmer\u00fcl az esk\u00fcv\u0151i el\u0151k\u00e9sz\u00fcletek sor\u00e1n. Az \u00e9l\u0151 zen\u00e9t term\u00e9szetesen nem tudom helyettes\u00edteni, de j\u00f3val sz\u00e9lesebb reperto\u00e1rral rendelkezem \u00e9s minden zene eredetiben, j\u00f3 min\u0151s\u00e9gben fog megsz\u00f3lalni. Amit szint\u00e9n fontosnak tartok megeml\u00edteni, hogy nincsenek sz\u00fcnetek, \u00e9s ha a hangulat megk\u00edv\u00e1nja, ak\u00e1r &hellip; R\u00f3lam Read More &raquo;","og_url":"https:\/\/brecskaevent.com\/en\/about\/","og_site_name":"Brecskaevent","article_publisher":"https:\/\/www.facebook.com\/djbrecska","article_modified_time":"2025-01-29T18:24:37+00:00","og_image":[{"url":"https:\/\/brecskaevent.com\/wp-content\/uploads\/2023\/02\/324749731_2873226179488468_2742394767059945063_n-1.jpg","type":"","width":"","height":""}],"twitter_card":"summary_large_image","twitter_misc":{"Est. reading time":"4 minutes"},"schema":{"@context":"https:\/\/schema.org","@graph":[{"@type":"WebPage","@id":"https:\/\/brecskaevent.com\/en\/about\/","url":"https:\/\/brecskaevent.com\/en\/about\/","name":"R\u00f3lam - Brecskaevent","isPartOf":{"@id":"https:\/\/brecskaevent.com\/#website"},"primaryImageOfPage":{"@id":"https:\/\/brecskaevent.com\/en\/about\/#primaryimage"},"image":{"@id":"https:\/\/brecskaevent.com\/en\/about\/#primaryimage"},"thumbnailUrl":"https:\/\/brecskaevent.com\/wp-content\/uploads\/2023\/02\/324749731_2873226179488468_2742394767059945063_n-1.jpg","datePublished":"2021-08-25T02:16:38+00:00","dateModified":"2025-01-29T18:24:37+00:00","breadcrumb":{"@id":"https:\/\/brecskaevent.com\/en\/about\/#breadcrumb"},"inLanguage":"en-US","potentialAction":[{"@type":"ReadAction","target":["https:\/\/brecskaevent.com\/en\/about\/"]}]},{"@type":"ImageObject","inLanguage":"en-US","@id":"https:\/\/brecskaevent.com\/en\/about\/#primaryimage","url":"https:\/\/brecskaevent.com\/wp-content\/uploads\/2023\/02\/324749731_2873226179488468_2742394767059945063_n-1.jpg","contentUrl":"https:\/\/brecskaevent.com\/wp-content\/uploads\/2023\/02\/324749731_2873226179488468_2742394767059945063_n-1.jpg"},{"@type":"BreadcrumbList","@id":"https:\/\/brecskaevent.com\/en\/about\/#breadcrumb","itemListElement":[{"@type":"ListItem","position":1,"name":"Kezd\u0151lap","item":"https:\/\/brecskaevent.com\/"},{"@type":"ListItem","position":2,"name":"R\u00f3lam"}]},{"@type":"WebSite","@id":"https:\/\/brecskaevent.com\/#website","url":"https:\/\/brecskaevent.com\/","name":"Brecskaevent","description":"All you need is love and a good dj for your wedding party","publisher":{"@id":"https:\/\/brecskaevent.com\/#\/schema\/person\/1e7805d5926f543a183396fe90e8c489"},"potentialAction":[{"@type":"SearchAction","target":{"@type":"EntryPoint","urlTemplate":"https:\/\/brecskaevent.com\/?s={search_term_string}"},"query-input":{"@type":"PropertyValueSpecification","valueRequired":true,"valueName":"search_term_string"}}],"inLanguage":"en-US"},{"@type":["Person","Organization"],"@id":"https:\/\/brecskaevent.com\/#\/schema\/person\/1e7805d5926f543a183396fe90e8c489","name":"Brecska Attila","image":{"@type":"ImageObject","inLanguage":"en-US","@id":"https:\/\/brecskaevent.com\/#\/schema\/person\/image\/","url":"https:\/\/brecskaevent.com\/wp-content\/uploads\/2023\/03\/Mr_and_Ms_logo_white.png","contentUrl":"https:\/\/brecskaevent.com\/wp-content\/uploads\/2023\/03\/Mr_and_Ms_logo_white.png","width":1000,"height":611,"caption":"Brecska Attila"},"logo":{"@id":"https:\/\/brecskaevent.com\/#\/schema\/person\/image\/"},"sameAs":["https:\/\/www.facebook.com\/djbrecska","https:\/\/www.instagram.com\/djbrecska\/","https:\/\/www.youtube.com\/@BrecskaAttila"]}]}},"_links":{"self":[{"href":"https:\/\/brecskaevent.com\/en\/wp-json\/wp\/v2\/pages\/239","targetHints":{"allow":["GET"]}}],"collection":[{"href":"https:\/\/brecskaevent.com\/en\/wp-json\/wp\/v2\/pages"}],"about":[{"href":"https:\/\/brecskaevent.com\/en\/wp-json\/wp\/v2\/types\/page"}],"author":[{"embeddable":true,"href":"https:\/\/brecskaevent.com\/en\/wp-json\/wp\/v2\/users\/1"}],"replies":[{"embeddable":true,"href":"https:\/\/brecskaevent.com\/en\/wp-json\/wp\/v2\/comments?post=239"}],"version-history":[{"count":45,"href":"https:\/\/brecskaevent.com\/en\/wp-json\/wp\/v2\/pages\/239\/revisions"}],"predecessor-version":[{"id":3801,"href":"https:\/\/brecskaevent.com\/en\/wp-json\/wp\/v2\/pages\/239\/revisions\/3801"}],"wp:attachment":[{"href":"https:\/\/brecskaevent.com\/en\/wp-json\/wp\/v2\/media?parent=239"}],"curies":[{"name":"wp","href":"https:\/\/api.w.org\/{rel}","templated":true}]}}